{"id":748,"date":"2024-03-06T10:54:49","date_gmt":"2024-03-06T10:54:49","guid":{"rendered":"https:\/\/neu.niedermueller.law\/?page_id=748"},"modified":"2024-10-04T11:19:47","modified_gmt":"2024-10-04T11:19:47","slug":"ueber-uns","status":"publish","type":"page","link":"https:\/\/www.niedermueller.law\/de\/ueber-uns\/","title":{"rendered":"\u00dcber uns"},"content":{"rendered":"\t\t<div data-elementor-type=\"wp-page\" data-elementor-id=\"748\" class=\"elementor elementor-748\" data-elementor-post-type=\"page\">\n\t\t\t\t<div class=\"elementor-element elementor-element-99a02fa e-flex e-con-boxed e-con e-parent\" data-id=\"99a02fa\" data-element_type=\"container\" data-e-type=\"container\">\n\t\t\t\t\t<div class=\"e-con-inner\">\n\t\t\t\t\t<\/div>\n\t\t\t\t<\/div>\n\t\t<div class=\"elementor-element elementor-element-123ff53 e-flex e-con-boxed e-con e-parent\" data-id=\"123ff53\" data-element_type=\"container\" data-e-type=\"container\">\n\t\t\t\t\t<div class=\"e-con-inner\">\n\t\t<div class=\"elementor-element elementor-element-50f4269 e-con-full e-flex e-con e-child\" data-id=\"50f4269\" data-element_type=\"container\" data-e-type=\"container\">\n\t\t\t\t<div class=\"elementor-element elementor-element-f5eaa34 elementor-widget elementor-widget-text-editor\" data-id=\"f5eaa34\" data-element_type=\"widget\" data-e-type=\"widget\" data-widget_type=\"text-editor.default\">\n\t\t\t\t<div class=\"elementor-widget-container\">\n\t\t\t\t\t\t\t\t\t<p>Wir sind eine in Vaduz ans\u00e4ssige, international ausgerichtete Wirtschaftskanzlei, die mit langj\u00e4hriger Erfahrung in den Bereichen Stiftungsrecht, Wiedererlangung von Verm\u00f6genswerten (Asset Recovery), Anlegerverfahren, Schadenersatzrecht und internationalen Wirtschaftsstrafsachen haupts\u00e4chlich internationale Mandanten in Gerichts- und Schiedsverfahren vertritt.<\/p><p>Daneben beraten und unterst\u00fctzen wir Mandanten auch umfassend im regulatorischen Bereich bei der Erlangung von finanzmarktrechtlichen Bewilligungen (MIFID II).<\/p><p>Besonders Kunden im aufstrebenden Bereich der Blockchain Technologie nehmen unsere Expertise und Beratung bei der Errichtung der erforderlichen Strukturen, Erlangung von Bewilligungen und der Herausgabe von Utility-Token und Security-Tokens sowie dem anschliessenden Listing (ICO, STO, IEO) in Anspruch.<\/p>\t\t\t\t\t\t\t\t<\/div>\n\t\t\t\t<\/div>\n\t\t\t\t<\/div>\n\t\t<div class=\"elementor-element elementor-element-dcaf524 e-con-full e-flex e-con e-child\" data-id=\"dcaf524\" data-element_type=\"container\" data-e-type=\"container\">\n\t\t\t\t<div class=\"elementor-element elementor-element-9d1ee08 elementor-widget elementor-widget-text-editor\" data-id=\"9d1ee08\" data-element_type=\"widget\" data-e-type=\"widget\" data-widget_type=\"text-editor.default\">\n\t\t\t\t<div class=\"elementor-widget-container\">\n\t\t\t\t\t\t\t\t\t<p>Gemeinsam mit unseren Kooperationspartnern betreuen wir auch den langfristig ausgerichteten Aufbau von internationalen Gesellschaftsstrukturen und der Nachlassplanung und begleiten cross border M&amp;A Transaktionen.<\/p><p>Aufgrund unserer engen Zusammenarbeit mit f\u00fchrenden ausl\u00e4ndischen Wirtschaftskanzleien, Steuerberatern und Wirtschaftspr\u00fcfern sowie unserer internationalen Ausrichtung k\u00f6nnen wir Mandanten aus dem In- und Ausland eine umfassende Betreuung nicht nur im Bereich der Beratung, sondern auch der Streitbeilegung anbieten.<\/p><p>Unser stets Ziel ist es, die Erwartungen und Anspr\u00fcche unserer Mandanten durch eine aktive Betreuung und kreative L\u00f6sungen zu \u00fcbertreffen und auch das scheinbar Unm\u00f6gliche m\u00f6glich zu machen.<\/p>\t\t\t\t\t\t\t\t<\/div>\n\t\t\t\t<\/div>\n\t\t\t\t<\/div>\n\t\t\t\t\t<\/div>\n\t\t\t\t<\/div>\n\t\t<div class=\"elementor-element elementor-element-1906a22 e-flex e-con-boxed e-con e-parent\" data-id=\"1906a22\" data-element_type=\"container\" data-e-type=\"container\">\n\t\t\t\t\t<div class=\"e-con-inner\">\n\t\t<div class=\"elementor-element elementor-element-3ae7626 e-con-full e-flex e-con e-child\" data-id=\"3ae7626\" data-element_type=\"container\" data-e-type=\"container\">\n\t\t\t\t<div class=\"elementor-element elementor-element-fd2cdf8 elementor-widget elementor-widget-image\" data-id=\"fd2cdf8\" data-element_type=\"widget\" data-e-type=\"widget\" data-widget_type=\"image.default\">\n\t\t\t\t<div class=\"elementor-widget-container\">\n\t\t\t\t\t\t\t\t\t\t\t\t\t\t\t\t<a href=\"https:\/\/www.cvvc.com\/\" target=\"_blank\">\n\t\t\t\t\t\t\t<img fetchpriority=\"high\" decoding=\"async\" width=\"250\" height=\"231\" src=\"https:\/\/i0.wp.com\/www.niedermueller.law\/wp-content\/uploads\/2024\/03\/unnamed-copy.webp?fit=250%2C231&amp;ssl=1\" class=\"attachment-large size-large wp-image-136\" alt=\"\" \/>\t\t\t\t\t\t\t\t<\/a>\n\t\t\t\t\t\t\t\t\t\t\t\t\t\t\t<\/div>\n\t\t\t\t<\/div>\n\t\t\t\t<\/div>\n\t\t<div class=\"elementor-element elementor-element-2946167 e-con-full e-flex e-con e-child\" data-id=\"2946167\" data-element_type=\"container\" data-e-type=\"container\">\n\t\t\t\t<div class=\"elementor-element elementor-element-0a2421f elementor-widget elementor-widget-image\" data-id=\"0a2421f\" data-element_type=\"widget\" data-e-type=\"widget\" data-widget_type=\"image.default\">\n\t\t\t\t<div class=\"elementor-widget-container\">\n\t\t\t\t\t\t\t\t\t\t\t\t\t\t\t\t<a href=\"http:\/\/www.legal500.com\/firms\/231726-niederm-ller-attorney-at-law\/offices\/231610-vaduz-liechtenstein\/profile\" target=\"_blank\">\n\t\t\t\t\t\t\t<img decoding=\"async\" width=\"150\" height=\"150\" src=\"https:\/\/i0.wp.com\/www.niedermueller.law\/wp-content\/uploads\/2024\/03\/legal_500-1.webp?fit=150%2C150&amp;ssl=1\" class=\"attachment-large size-large wp-image-134\" alt=\"\" \/>\t\t\t\t\t\t\t\t<\/a>\n\t\t\t\t\t\t\t\t\t\t\t\t\t\t\t<\/div>\n\t\t\t\t<\/div>\n\t\t\t\t<\/div>\n\t\t<div class=\"elementor-element elementor-element-37b148b e-con-full e-flex e-con e-child\" data-id=\"37b148b\" data-element_type=\"container\" data-e-type=\"container\">\n\t\t\t\t<div class=\"elementor-element elementor-element-1a8660a elementor-widget elementor-widget-image\" data-id=\"1a8660a\" data-element_type=\"widget\" data-e-type=\"widget\" data-widget_type=\"image.default\">\n\t\t\t\t<div class=\"elementor-widget-container\">\n\t\t\t\t\t\t\t\t\t\t\t\t\t\t\t\t<a href=\"https:\/\/www.rak.li\/\" target=\"_blank\">\n\t\t\t\t\t\t\t<img decoding=\"async\" width=\"150\" height=\"150\" src=\"https:\/\/i0.wp.com\/www.niedermueller.law\/wp-content\/uploads\/2024\/03\/RAK-Logo-1.webp?fit=150%2C150&amp;ssl=1\" class=\"attachment-large size-large wp-image-132\" alt=\"\" \/>\t\t\t\t\t\t\t\t<\/a>\n\t\t\t\t\t\t\t\t\t\t\t\t\t\t\t<\/div>\n\t\t\t\t<\/div>\n\t\t\t\t<\/div>\n\t\t<div class=\"elementor-element elementor-element-36bc2cc e-con-full e-flex e-con e-child\" data-id=\"36bc2cc\" data-element_type=\"container\" data-e-type=\"container\">\n\t\t\t\t<div class=\"elementor-element elementor-element-805503b elementor-widget elementor-widget-image\" data-id=\"805503b\" data-element_type=\"widget\" data-e-type=\"widget\" data-widget_type=\"image.default\">\n\t\t\t\t<div class=\"elementor-widget-container\">\n\t\t\t\t\t\t\t\t\t\t\t\t\t\t\t\t<a href=\"http:\/\/lis.li\/de\" target=\"_blank\">\n\t\t\t\t\t\t\t<img loading=\"lazy\" decoding=\"async\" width=\"150\" height=\"150\" src=\"https:\/\/i0.wp.com\/www.niedermueller.law\/wp-content\/uploads\/2024\/03\/Liechtenstein_Arbitration_Association-1.webp?fit=150%2C150&amp;ssl=1\" class=\"attachment-large size-large wp-image-130\" alt=\"\" \/>\t\t\t\t\t\t\t\t<\/a>\n\t\t\t\t\t\t\t\t\t\t\t\t\t\t\t<\/div>\n\t\t\t\t<\/div>\n\t\t\t\t<\/div>\n\t\t<div class=\"elementor-element elementor-element-3ef2766 e-con-full e-flex e-con e-child\" data-id=\"3ef2766\" data-element_type=\"container\" data-e-type=\"container\">\n\t\t\t\t<div class=\"elementor-element elementor-element-f22b024 elementor-widget elementor-widget-image\" data-id=\"f22b024\" data-element_type=\"widget\" data-e-type=\"widget\" data-widget_type=\"image.default\">\n\t\t\t\t<div class=\"elementor-widget-container\">\n\t\t\t\t\t\t\t\t\t\t\t\t\t\t\t\t<a href=\"http:\/\/www.strafverteidiger-vereinigung.li\/\" target=\"_blank\">\n\t\t\t\t\t\t\t<img loading=\"lazy\" decoding=\"async\" width=\"150\" height=\"150\" src=\"https:\/\/i0.wp.com\/www.niedermueller.law\/wp-content\/uploads\/2024\/03\/vls_logo-01-1.webp?fit=150%2C150&amp;ssl=1\" class=\"attachment-large size-large wp-image-128\" alt=\"\" \/>\t\t\t\t\t\t\t\t<\/a>\n\t\t\t\t\t\t\t\t\t\t\t\t\t\t\t<\/div>\n\t\t\t\t<\/div>\n\t\t\t\t<\/div>\n\t\t<div class=\"elementor-element elementor-element-55096d5 e-con-full e-flex e-con e-child\" data-id=\"55096d5\" data-element_type=\"container\" data-e-type=\"container\">\n\t\t\t\t<div class=\"elementor-element elementor-element-64c07c7 elementor-widget elementor-widget-image\" data-id=\"64c07c7\" data-element_type=\"widget\" data-e-type=\"widget\" data-widget_type=\"image.default\">\n\t\t\t\t<div class=\"elementor-widget-container\">\n\t\t\t\t\t\t\t\t\t\t\t\t\t\t\t\t<a href=\"https:\/\/www.zav.ch\/\" target=\"_blank\">\n\t\t\t\t\t\t\t<img loading=\"lazy\" decoding=\"async\" width=\"150\" height=\"150\" src=\"https:\/\/i0.wp.com\/www.niedermueller.law\/wp-content\/uploads\/2024\/03\/ZAV_logo-1.webp?fit=150%2C150&amp;ssl=1\" class=\"attachment-large size-large wp-image-126\" alt=\"\" \/>\t\t\t\t\t\t\t\t<\/a>\n\t\t\t\t\t\t\t\t\t\t\t\t\t\t\t<\/div>\n\t\t\t\t<\/div>\n\t\t\t\t<\/div>\n\t\t<div class=\"elementor-element elementor-element-c220fdb e-con-full e-flex e-con e-child\" data-id=\"c220fdb\" data-element_type=\"container\" data-e-type=\"container\">\n\t\t\t\t<div class=\"elementor-element elementor-element-f650e0f elementor-widget elementor-widget-image\" data-id=\"f650e0f\" data-element_type=\"widget\" data-e-type=\"widget\" data-widget_type=\"image.default\">\n\t\t\t\t<div class=\"elementor-widget-container\">\n\t\t\t\t\t\t\t\t\t\t\t\t\t\t\t\t<a href=\"https:\/\/www.ibanet.org\/\" target=\"_blank\">\n\t\t\t\t\t\t\t<img loading=\"lazy\" decoding=\"async\" width=\"150\" height=\"150\" src=\"https:\/\/i0.wp.com\/www.niedermueller.law\/wp-content\/uploads\/2024\/03\/international_bar_association-1.webp?fit=150%2C150&amp;ssl=1\" class=\"attachment-large size-large wp-image-124\" alt=\"\" \/>\t\t\t\t\t\t\t\t<\/a>\n\t\t\t\t\t\t\t\t\t\t\t\t\t\t\t<\/div>\n\t\t\t\t<\/div>\n\t\t\t\t<\/div>\n\t\t<div class=\"elementor-element elementor-element-58a6e91 e-con-full e-flex e-con e-child\" data-id=\"58a6e91\" data-element_type=\"container\" data-e-type=\"container\">\n\t\t\t\t<div class=\"elementor-element elementor-element-a134143 elementor-widget elementor-widget-image\" data-id=\"a134143\" data-element_type=\"widget\" data-e-type=\"widget\" data-widget_type=\"image.default\">\n\t\t\t\t<div class=\"elementor-widget-container\">\n\t\t\t\t\t\t\t\t\t\t\t\t\t\t\t\t<a href=\"https:\/\/www.step.org\/\" target=\"_blank\">\n\t\t\t\t\t\t\t<img loading=\"lazy\" decoding=\"async\" width=\"150\" height=\"150\" src=\"https:\/\/i0.wp.com\/www.niedermueller.law\/wp-content\/uploads\/2024\/10\/step_q.png?fit=150%2C150&amp;ssl=1\" class=\"attachment-large size-large wp-image-2461\" alt=\"\" \/>\t\t\t\t\t\t\t\t<\/a>\n\t\t\t\t\t\t\t\t\t\t\t\t\t\t\t<\/div>\n\t\t\t\t<\/div>\n\t\t\t\t<\/div>\n\t\t\t\t\t<\/div>\n\t\t\t\t<\/div>\n\t\t\t\t<\/div>\n\t\t","protected":false},"excerpt":{"rendered":"<p>Wir sind eine in Vaduz ans\u00e4ssige, international ausgerichtete Wirtschaftskanzlei, die mit langj\u00e4hriger Erfahrung in den Bereichen Stiftungsrecht, Wiedererlangung von Verm\u00f6genswerten (Asset Recovery), Anlegerverfahren, Schadenersatzrecht und internationalen Wirtschaftsstrafsachen haupts\u00e4chlich internationale Mandanten in Gerichts- und Schiedsverfahren vertritt. Daneben beraten und unterst\u00fctzen wir Mandanten auch umfassend im regulatorischen Bereich bei der Erlangung von finanzmarktrechtlichen Bewilligungen (MIFID II). Besonders [&hellip;]<\/p>\n","protected":false},"author":1,"featured_media":0,"parent":0,"menu_order":0,"comment_status":"closed","ping_status":"closed","template":"","meta":{"_acf_changed":false,"footnotes":""},"class_list":["post-748","page","type-page","status-publish","hentry"],"acf":[],"yoast_head":"<!-- This site is optimized with the Yoast SEO plugin v27.6 - https:\/\/yoast.com\/product\/yoast-seo-wordpress\/ -->\n<title>\u00dcber uns - Niederm\u00fcller Rechtsanw\u00e4lte<\/title>\n<meta name=\"robots\" content=\"index, follow, max-snippet:-1, max-image-preview:large, max-video-preview:-1\" \/>\n<link rel=\"canonical\" href=\"https:\/\/www.niedermueller.law\/de\/ueber-uns\/\" \/>\n<meta property=\"og:locale\" content=\"de_DE\" \/>\n<meta property=\"og:type\" content=\"article\" \/>\n<meta property=\"og:title\" content=\"\u00dcber uns - Niederm\u00fcller Rechtsanw\u00e4lte\" \/>\n<meta property=\"og:description\" content=\"Wir sind eine in Vaduz ans\u00e4ssige, international ausgerichtete Wirtschaftskanzlei, die mit langj\u00e4hriger Erfahrung in den Bereichen Stiftungsrecht, Wiedererlangung von Verm\u00f6genswerten (Asset Recovery), Anlegerverfahren, Schadenersatzrecht und internationalen Wirtschaftsstrafsachen haupts\u00e4chlich internationale Mandanten in Gerichts- und Schiedsverfahren vertritt. Daneben beraten und unterst\u00fctzen wir Mandanten auch umfassend im regulatorischen Bereich bei der Erlangung von finanzmarktrechtlichen Bewilligungen (MIFID II). Besonders [&hellip;]\" \/>\n<meta property=\"og:url\" content=\"https:\/\/www.niedermueller.law\/de\/ueber-uns\/\" \/>\n<meta property=\"og:site_name\" content=\"Niederm\u00fcller Rechtsanw\u00e4lte\" \/>\n<meta property=\"article:modified_time\" content=\"2024-10-04T11:19:47+00:00\" \/>\n<meta property=\"og:image\" content=\"https:\/\/www.niedermueller.law\/wp-content\/uploads\/2024\/03\/unnamed-copy.webp\" \/>\n<meta name=\"twitter:card\" content=\"summary_large_image\" \/>\n<meta name=\"twitter:label1\" content=\"Gesch\u00e4tzte Lesezeit\" \/>\n\t<meta name=\"twitter:data1\" content=\"3\u00a0Minuten\" \/>\n<script type=\"application\/ld+json\" class=\"yoast-schema-graph\">{\"@context\":\"https:\\\/\\\/schema.org\",\"@graph\":[{\"@type\":\"WebPage\",\"@id\":\"https:\\\/\\\/www.niedermueller.law\\\/de\\\/ueber-uns\\\/\",\"url\":\"https:\\\/\\\/www.niedermueller.law\\\/de\\\/ueber-uns\\\/\",\"name\":\"\u00dcber uns - Niederm\u00fcller Rechtsanw\u00e4lte\",\"isPartOf\":{\"@id\":\"https:\\\/\\\/www.niedermueller.law\\\/de\\\/#website\"},\"primaryImageOfPage\":{\"@id\":\"https:\\\/\\\/www.niedermueller.law\\\/de\\\/ueber-uns\\\/#primaryimage\"},\"image\":{\"@id\":\"https:\\\/\\\/www.niedermueller.law\\\/de\\\/ueber-uns\\\/#primaryimage\"},\"thumbnailUrl\":\"https:\\\/\\\/www.niedermueller.law\\\/wp-content\\\/uploads\\\/2024\\\/03\\\/unnamed-copy.webp\",\"datePublished\":\"2024-03-06T10:54:49+00:00\",\"dateModified\":\"2024-10-04T11:19:47+00:00\",\"breadcrumb\":{\"@id\":\"https:\\\/\\\/www.niedermueller.law\\\/de\\\/ueber-uns\\\/#breadcrumb\"},\"inLanguage\":\"de\",\"potentialAction\":[{\"@type\":\"ReadAction\",\"target\":[\"https:\\\/\\\/www.niedermueller.law\\\/de\\\/ueber-uns\\\/\"]}]},{\"@type\":\"ImageObject\",\"inLanguage\":\"de\",\"@id\":\"https:\\\/\\\/www.niedermueller.law\\\/de\\\/ueber-uns\\\/#primaryimage\",\"url\":\"https:\\\/\\\/www.niedermueller.law\\\/wp-content\\\/uploads\\\/2024\\\/03\\\/unnamed-copy.webp\",\"contentUrl\":\"https:\\\/\\\/www.niedermueller.law\\\/wp-content\\\/uploads\\\/2024\\\/03\\\/unnamed-copy.webp\"},{\"@type\":\"BreadcrumbList\",\"@id\":\"https:\\\/\\\/www.niedermueller.law\\\/de\\\/ueber-uns\\\/#breadcrumb\",\"itemListElement\":[{\"@type\":\"ListItem\",\"position\":1,\"name\":\"Home page\",\"item\":\"https:\\\/\\\/www.niedermueller.law\\\/de\\\/\"},{\"@type\":\"ListItem\",\"position\":2,\"name\":\"\u00dcber uns\"}]},{\"@type\":\"WebSite\",\"@id\":\"https:\\\/\\\/www.niedermueller.law\\\/de\\\/#website\",\"url\":\"https:\\\/\\\/www.niedermueller.law\\\/de\\\/\",\"name\":\"Niederm\u00fcller Rechtsanw\u00e4lte\",\"description\":\"\",\"publisher\":{\"@id\":\"https:\\\/\\\/www.niedermueller.law\\\/de\\\/#organization\"},\"potentialAction\":[{\"@type\":\"SearchAction\",\"target\":{\"@type\":\"EntryPoint\",\"urlTemplate\":\"https:\\\/\\\/www.niedermueller.law\\\/de\\\/?s={search_term_string}\"},\"query-input\":{\"@type\":\"PropertyValueSpecification\",\"valueRequired\":true,\"valueName\":\"search_term_string\"}}],\"inLanguage\":\"de\"},{\"@type\":\"Organization\",\"@id\":\"https:\\\/\\\/www.niedermueller.law\\\/de\\\/#organization\",\"name\":\"Niederm\u00fcller Attorneys at Law\",\"url\":\"https:\\\/\\\/www.niedermueller.law\\\/de\\\/\",\"logo\":{\"@type\":\"ImageObject\",\"inLanguage\":\"de\",\"@id\":\"https:\\\/\\\/www.niedermueller.law\\\/de\\\/#\\\/schema\\\/logo\\\/image\\\/\",\"url\":\"https:\\\/\\\/i0.wp.com\\\/www.niedermueller.law\\\/wp-content\\\/uploads\\\/2024\\\/03\\\/NIE_notariat_pos.png?fit=1350%2C272&ssl=1\",\"contentUrl\":\"https:\\\/\\\/i0.wp.com\\\/www.niedermueller.law\\\/wp-content\\\/uploads\\\/2024\\\/03\\\/NIE_notariat_pos.png?fit=1350%2C272&ssl=1\",\"width\":1350,\"height\":272,\"caption\":\"Niederm\u00fcller Attorneys at Law\"},\"image\":{\"@id\":\"https:\\\/\\\/www.niedermueller.law\\\/de\\\/#\\\/schema\\\/logo\\\/image\\\/\"}}]}<\/script>\n<!-- \/ Yoast SEO plugin. -->","yoast_head_json":{"title":"\u00dcber uns - Niederm\u00fcller Rechtsanw\u00e4lte","robots":{"index":"index","follow":"follow","max-snippet":"max-snippet:-1","max-image-preview":"max-image-preview:large","max-video-preview":"max-video-preview:-1"},"canonical":"https:\/\/www.niedermueller.law\/de\/ueber-uns\/","og_locale":"de_DE","og_type":"article","og_title":"\u00dcber uns - Niederm\u00fcller Rechtsanw\u00e4lte","og_description":"Wir sind eine in Vaduz ans\u00e4ssige, international ausgerichtete Wirtschaftskanzlei, die mit langj\u00e4hriger Erfahrung in den Bereichen Stiftungsrecht, Wiedererlangung von Verm\u00f6genswerten (Asset Recovery), Anlegerverfahren, Schadenersatzrecht und internationalen Wirtschaftsstrafsachen haupts\u00e4chlich internationale Mandanten in Gerichts- und Schiedsverfahren vertritt. Daneben beraten und unterst\u00fctzen wir Mandanten auch umfassend im regulatorischen Bereich bei der Erlangung von finanzmarktrechtlichen Bewilligungen (MIFID II). Besonders [&hellip;]","og_url":"https:\/\/www.niedermueller.law\/de\/ueber-uns\/","og_site_name":"Niederm\u00fcller Rechtsanw\u00e4lte","article_modified_time":"2024-10-04T11:19:47+00:00","og_image":[{"url":"https:\/\/www.niedermueller.law\/wp-content\/uploads\/2024\/03\/unnamed-copy.webp","type":"","width":"","height":""}],"twitter_card":"summary_large_image","twitter_misc":{"Gesch\u00e4tzte Lesezeit":"3\u00a0Minuten"},"schema":{"@context":"https:\/\/schema.org","@graph":[{"@type":"WebPage","@id":"https:\/\/www.niedermueller.law\/de\/ueber-uns\/","url":"https:\/\/www.niedermueller.law\/de\/ueber-uns\/","name":"\u00dcber uns - Niederm\u00fcller Rechtsanw\u00e4lte","isPartOf":{"@id":"https:\/\/www.niedermueller.law\/de\/#website"},"primaryImageOfPage":{"@id":"https:\/\/www.niedermueller.law\/de\/ueber-uns\/#primaryimage"},"image":{"@id":"https:\/\/www.niedermueller.law\/de\/ueber-uns\/#primaryimage"},"thumbnailUrl":"https:\/\/www.niedermueller.law\/wp-content\/uploads\/2024\/03\/unnamed-copy.webp","datePublished":"2024-03-06T10:54:49+00:00","dateModified":"2024-10-04T11:19:47+00:00","breadcrumb":{"@id":"https:\/\/www.niedermueller.law\/de\/ueber-uns\/#breadcrumb"},"inLanguage":"de","potentialAction":[{"@type":"ReadAction","target":["https:\/\/www.niedermueller.law\/de\/ueber-uns\/"]}]},{"@type":"ImageObject","inLanguage":"de","@id":"https:\/\/www.niedermueller.law\/de\/ueber-uns\/#primaryimage","url":"https:\/\/www.niedermueller.law\/wp-content\/uploads\/2024\/03\/unnamed-copy.webp","contentUrl":"https:\/\/www.niedermueller.law\/wp-content\/uploads\/2024\/03\/unnamed-copy.webp"},{"@type":"BreadcrumbList","@id":"https:\/\/www.niedermueller.law\/de\/ueber-uns\/#breadcrumb","itemListElement":[{"@type":"ListItem","position":1,"name":"Home page","item":"https:\/\/www.niedermueller.law\/de\/"},{"@type":"ListItem","position":2,"name":"\u00dcber uns"}]},{"@type":"WebSite","@id":"https:\/\/www.niedermueller.law\/de\/#website","url":"https:\/\/www.niedermueller.law\/de\/","name":"Niederm\u00fcller Rechtsanw\u00e4lte","description":"","publisher":{"@id":"https:\/\/www.niedermueller.law\/de\/#organization"},"potentialAction":[{"@type":"SearchAction","target":{"@type":"EntryPoint","urlTemplate":"https:\/\/www.niedermueller.law\/de\/?s={search_term_string}"},"query-input":{"@type":"PropertyValueSpecification","valueRequired":true,"valueName":"search_term_string"}}],"inLanguage":"de"},{"@type":"Organization","@id":"https:\/\/www.niedermueller.law\/de\/#organization","name":"Niederm\u00fcller Attorneys at Law","url":"https:\/\/www.niedermueller.law\/de\/","logo":{"@type":"ImageObject","inLanguage":"de","@id":"https:\/\/www.niedermueller.law\/de\/#\/schema\/logo\/image\/","url":"https:\/\/i0.wp.com\/www.niedermueller.law\/wp-content\/uploads\/2024\/03\/NIE_notariat_pos.png?fit=1350%2C272&ssl=1","contentUrl":"https:\/\/i0.wp.com\/www.niedermueller.law\/wp-content\/uploads\/2024\/03\/NIE_notariat_pos.png?fit=1350%2C272&ssl=1","width":1350,"height":272,"caption":"Niederm\u00fcller Attorneys at Law"},"image":{"@id":"https:\/\/www.niedermueller.law\/de\/#\/schema\/logo\/image\/"}}]}},"_links":{"self":[{"href":"https:\/\/www.niedermueller.law\/de\/wp-json\/wp\/v2\/pages\/748","targetHints":{"allow":["GET"]}}],"collection":[{"href":"https:\/\/www.niedermueller.law\/de\/wp-json\/wp\/v2\/pages"}],"about":[{"href":"https:\/\/www.niedermueller.law\/de\/wp-json\/wp\/v2\/types\/page"}],"author":[{"embeddable":true,"href":"https:\/\/www.niedermueller.law\/de\/wp-json\/wp\/v2\/users\/1"}],"replies":[{"embeddable":true,"href":"https:\/\/www.niedermueller.law\/de\/wp-json\/wp\/v2\/comments?post=748"}],"version-history":[{"count":7,"href":"https:\/\/www.niedermueller.law\/de\/wp-json\/wp\/v2\/pages\/748\/revisions"}],"predecessor-version":[{"id":3077,"href":"https:\/\/www.niedermueller.law\/de\/wp-json\/wp\/v2\/pages\/748\/revisions\/3077"}],"wp:attachment":[{"href":"https:\/\/www.niedermueller.law\/de\/wp-json\/wp\/v2\/media?parent=748"}],"curies":[{"name":"wp","href":"https:\/\/api.w.org\/{rel}","templated":true}]}}