{"id":821,"date":"2024-03-06T11:14:23","date_gmt":"2024-03-06T11:14:23","guid":{"rendered":"https:\/\/neu.niedermueller.law\/?page_id=821"},"modified":"2024-10-04T11:22:56","modified_gmt":"2024-10-04T11:22:56","slug":"prozessfinanzierung","status":"publish","type":"page","link":"https:\/\/www.niedermueller.law\/de\/ueber-uns\/prozessfinanzierung\/","title":{"rendered":"Prozessfinanzierung"},"content":{"rendered":"\t\t<div data-elementor-type=\"wp-page\" data-elementor-id=\"821\" class=\"elementor elementor-821\" data-elementor-post-type=\"page\">\n\t\t\t\t<div class=\"elementor-element elementor-element-444a211 e-flex e-con-boxed e-con e-parent\" data-id=\"444a211\" data-element_type=\"container\" data-e-type=\"container\">\n\t\t\t\t\t<div class=\"e-con-inner\">\n\t\t\t\t<div class=\"elementor-element elementor-element-773266b elementor-widget elementor-widget-text-editor\" data-id=\"773266b\" data-element_type=\"widget\" data-e-type=\"widget\" data-widget_type=\"text-editor.default\">\n\t\t\t\t<div class=\"elementor-widget-container\">\n\t\t\t\t\t\t\t\t\t<p>Wir arbeiten unter anderem eng mit folgenden Prozessfinanzierern zusammen:<\/p><p><a href=\"http:\/\/www.foris.de\/\" target=\"_blank\" rel=\"noopener\">Foris AG<\/a><br \/><a href=\"https:\/\/omnibridgeway.com\/\" target=\"_blank\" rel=\"noopener\">Omni Bridgeway<\/a><br \/><a href=\"http:\/\/www.legial.de\/\" target=\"_blank\" rel=\"noopener\">Legial AG<\/a><br \/><a href=\"https:\/\/nivalion.com\/\" target=\"_blank\" rel=\"noopener\">Nivalion AG<\/a><br \/><a href=\"http:\/\/www.jura-plus.ch\/\" target=\"_blank\" rel=\"noopener\">JuraPlus AG<\/a><br \/><a href=\"https:\/\/woodsford.com\/\" target=\"_blank\" rel=\"noopener\">Woodsford Litigation Funding<\/a><br \/><a href=\"http:\/\/www.claimsfundingeurope.eu\/\" target=\"_blank\" rel=\"noopener\">Claims Funding Europe<\/a><br \/><a href=\"https:\/\/www.calunius.com\/\" target=\"_blank\" rel=\"noopener\">Calunius Capital<\/a><\/p><p>Anwaltliche Pflicht zur Aufkl\u00e4rung \u00fcber Prozessfinanzierung: Gem\u00e4ss Rechtsprechung des Schweizer Bundesgerichts vom 22.01.2015 (2C_818\/2014) erfordert die ordnungsgem\u00e4sse Erf\u00fcllung der berufsrechtlichen und auftragsrechtlichen anwaltlichen Aufkl\u00e4rungspflichten neben der Pflicht zur Aufkl\u00e4rung \u00fcber Erfolgsaussichten, Chancen, Risiken und Kostenrisiken auch die Pflicht, den Mandanten \u00fcber die M\u00f6glichkeit einer Prozessfinanzierung aufzukl\u00e4ren (SJZ 112 (2016) Nr 2).<\/p><p>Bereits aus der Begr\u00fcndung des Bundesgerichts l\u00e4sst sich eine Allgemeing\u00fcltigkeit dieser Pflicht zur Aufkl\u00e4rung und Beratung von Rechtsanw\u00e4lten hinsichtlich der M\u00f6glichkeit einer Prozessfinanzierung ableiten. Zudem sehen die berufsrechtlichen Regeln und die allgemeinen Regeln des Auftragsrechts eine umfassende Aufkl\u00e4rungspflicht von Rechtsanw\u00e4lten gegen\u00fcber ihren Mandanten vor. Entsprechend besteht auch f\u00fcr Anw\u00e4lte in Liechtenstein eine entsprechende Pflicht, ihre Mandanten neben der Aufkl\u00e4rung \u00fcber die Verfahrenshilfe auch \u00fcber die M\u00f6glichkeit einer Prozessfinanzierung aufzukl\u00e4ren.<\/p>\t\t\t\t\t\t\t\t<\/div>\n\t\t\t\t<\/div>\n\t\t\t\t\t<\/div>\n\t\t\t\t<\/div>\n\t\t\t\t<\/div>\n\t\t","protected":false},"excerpt":{"rendered":"<p>Wir arbeiten unter anderem eng mit folgenden Prozessfinanzierern zusammen: Foris AGOmni BridgewayLegial AGNivalion AGJuraPlus AGWoodsford Litigation FundingClaims Funding EuropeCalunius Capital Anwaltliche Pflicht zur Aufkl\u00e4rung \u00fcber Prozessfinanzierung: Gem\u00e4ss Rechtsprechung des Schweizer Bundesgerichts vom 22.01.2015 (2C_818\/2014) erfordert die ordnungsgem\u00e4sse Erf\u00fcllung der berufsrechtlichen und auftragsrechtlichen anwaltlichen Aufkl\u00e4rungspflichten neben der Pflicht zur Aufkl\u00e4rung \u00fcber Erfolgsaussichten, Chancen, Risiken und Kostenrisiken [&hellip;]<\/p>\n","protected":false},"author":1,"featured_media":0,"parent":748,"menu_order":0,"comment_status":"closed","ping_status":"closed","template":"","meta":{"_acf_changed":false,"footnotes":""},"class_list":["post-821","page","type-page","status-publish","hentry"],"acf":[],"yoast_head":"<!-- This site is optimized with the Yoast SEO plugin v27.5 - https:\/\/yoast.com\/product\/yoast-seo-wordpress\/ -->\n<title>Prozessfinanzierung - Niederm\u00fcller Rechtsanw\u00e4lte<\/title>\n<meta name=\"robots\" content=\"index, follow, max-snippet:-1, max-image-preview:large, max-video-preview:-1\" \/>\n<link rel=\"canonical\" href=\"https:\/\/www.niedermueller.law\/de\/ueber-uns\/prozessfinanzierung\/\" \/>\n<meta property=\"og:locale\" content=\"de_DE\" \/>\n<meta property=\"og:type\" content=\"article\" \/>\n<meta property=\"og:title\" content=\"Prozessfinanzierung - Niederm\u00fcller Rechtsanw\u00e4lte\" \/>\n<meta property=\"og:description\" content=\"Wir arbeiten unter anderem eng mit folgenden Prozessfinanzierern zusammen: Foris AGOmni BridgewayLegial AGNivalion AGJuraPlus AGWoodsford Litigation FundingClaims Funding EuropeCalunius Capital Anwaltliche Pflicht zur Aufkl\u00e4rung \u00fcber Prozessfinanzierung: Gem\u00e4ss Rechtsprechung des Schweizer Bundesgerichts vom 22.01.2015 (2C_818\/2014) erfordert die ordnungsgem\u00e4sse Erf\u00fcllung der berufsrechtlichen und auftragsrechtlichen anwaltlichen Aufkl\u00e4rungspflichten neben der Pflicht zur Aufkl\u00e4rung \u00fcber Erfolgsaussichten, Chancen, Risiken und Kostenrisiken [&hellip;]\" \/>\n<meta property=\"og:url\" content=\"https:\/\/www.niedermueller.law\/de\/ueber-uns\/prozessfinanzierung\/\" \/>\n<meta property=\"og:site_name\" content=\"Niederm\u00fcller Rechtsanw\u00e4lte\" \/>\n<meta property=\"article:modified_time\" content=\"2024-10-04T11:22:56+00:00\" \/>\n<meta name=\"twitter:card\" content=\"summary_large_image\" \/>\n<meta name=\"twitter:label1\" content=\"Gesch\u00e4tzte Lesezeit\" \/>\n\t<meta name=\"twitter:data1\" content=\"1\u00a0Minute\" \/>\n<script type=\"application\/ld+json\" class=\"yoast-schema-graph\">{\"@context\":\"https:\\\/\\\/schema.org\",\"@graph\":[{\"@type\":\"WebPage\",\"@id\":\"https:\\\/\\\/www.niedermueller.law\\\/de\\\/ueber-uns\\\/prozessfinanzierung\\\/\",\"url\":\"https:\\\/\\\/www.niedermueller.law\\\/de\\\/ueber-uns\\\/prozessfinanzierung\\\/\",\"name\":\"Prozessfinanzierung - Niederm\u00fcller Rechtsanw\u00e4lte\",\"isPartOf\":{\"@id\":\"https:\\\/\\\/www.niedermueller.law\\\/de\\\/#website\"},\"datePublished\":\"2024-03-06T11:14:23+00:00\",\"dateModified\":\"2024-10-04T11:22:56+00:00\",\"breadcrumb\":{\"@id\":\"https:\\\/\\\/www.niedermueller.law\\\/de\\\/ueber-uns\\\/prozessfinanzierung\\\/#breadcrumb\"},\"inLanguage\":\"de\",\"potentialAction\":[{\"@type\":\"ReadAction\",\"target\":[\"https:\\\/\\\/www.niedermueller.law\\\/de\\\/ueber-uns\\\/prozessfinanzierung\\\/\"]}]},{\"@type\":\"BreadcrumbList\",\"@id\":\"https:\\\/\\\/www.niedermueller.law\\\/de\\\/ueber-uns\\\/prozessfinanzierung\\\/#breadcrumb\",\"itemListElement\":[{\"@type\":\"ListItem\",\"position\":1,\"name\":\"Home page\",\"item\":\"https:\\\/\\\/www.niedermueller.law\\\/de\\\/\"},{\"@type\":\"ListItem\",\"position\":2,\"name\":\"\u00dcber uns\",\"item\":\"https:\\\/\\\/www.niedermueller.law\\\/de\\\/ueber-uns\\\/\"},{\"@type\":\"ListItem\",\"position\":3,\"name\":\"Prozessfinanzierung\"}]},{\"@type\":\"WebSite\",\"@id\":\"https:\\\/\\\/www.niedermueller.law\\\/de\\\/#website\",\"url\":\"https:\\\/\\\/www.niedermueller.law\\\/de\\\/\",\"name\":\"Niederm\u00fcller Rechtsanw\u00e4lte\",\"description\":\"\",\"publisher\":{\"@id\":\"https:\\\/\\\/www.niedermueller.law\\\/de\\\/#organization\"},\"potentialAction\":[{\"@type\":\"SearchAction\",\"target\":{\"@type\":\"EntryPoint\",\"urlTemplate\":\"https:\\\/\\\/www.niedermueller.law\\\/de\\\/?s={search_term_string}\"},\"query-input\":{\"@type\":\"PropertyValueSpecification\",\"valueRequired\":true,\"valueName\":\"search_term_string\"}}],\"inLanguage\":\"de\"},{\"@type\":\"Organization\",\"@id\":\"https:\\\/\\\/www.niedermueller.law\\\/de\\\/#organization\",\"name\":\"Niederm\u00fcller Attorneys at Law\",\"url\":\"https:\\\/\\\/www.niedermueller.law\\\/de\\\/\",\"logo\":{\"@type\":\"ImageObject\",\"inLanguage\":\"de\",\"@id\":\"https:\\\/\\\/www.niedermueller.law\\\/de\\\/#\\\/schema\\\/logo\\\/image\\\/\",\"url\":\"https:\\\/\\\/i0.wp.com\\\/www.niedermueller.law\\\/wp-content\\\/uploads\\\/2024\\\/03\\\/NIE_notariat_pos.png?fit=1350%2C272&ssl=1\",\"contentUrl\":\"https:\\\/\\\/i0.wp.com\\\/www.niedermueller.law\\\/wp-content\\\/uploads\\\/2024\\\/03\\\/NIE_notariat_pos.png?fit=1350%2C272&ssl=1\",\"width\":1350,\"height\":272,\"caption\":\"Niederm\u00fcller Attorneys at Law\"},\"image\":{\"@id\":\"https:\\\/\\\/www.niedermueller.law\\\/de\\\/#\\\/schema\\\/logo\\\/image\\\/\"}}]}<\/script>\n<!-- \/ Yoast SEO plugin. -->","yoast_head_json":{"title":"Prozessfinanzierung - Niederm\u00fcller Rechtsanw\u00e4lte","robots":{"index":"index","follow":"follow","max-snippet":"max-snippet:-1","max-image-preview":"max-image-preview:large","max-video-preview":"max-video-preview:-1"},"canonical":"https:\/\/www.niedermueller.law\/de\/ueber-uns\/prozessfinanzierung\/","og_locale":"de_DE","og_type":"article","og_title":"Prozessfinanzierung - Niederm\u00fcller Rechtsanw\u00e4lte","og_description":"Wir arbeiten unter anderem eng mit folgenden Prozessfinanzierern zusammen: Foris AGOmni BridgewayLegial AGNivalion AGJuraPlus AGWoodsford Litigation FundingClaims Funding EuropeCalunius Capital Anwaltliche Pflicht zur Aufkl\u00e4rung \u00fcber Prozessfinanzierung: Gem\u00e4ss Rechtsprechung des Schweizer Bundesgerichts vom 22.01.2015 (2C_818\/2014) erfordert die ordnungsgem\u00e4sse Erf\u00fcllung der berufsrechtlichen und auftragsrechtlichen anwaltlichen Aufkl\u00e4rungspflichten neben der Pflicht zur Aufkl\u00e4rung \u00fcber Erfolgsaussichten, Chancen, Risiken und Kostenrisiken [&hellip;]","og_url":"https:\/\/www.niedermueller.law\/de\/ueber-uns\/prozessfinanzierung\/","og_site_name":"Niederm\u00fcller Rechtsanw\u00e4lte","article_modified_time":"2024-10-04T11:22:56+00:00","twitter_card":"summary_large_image","twitter_misc":{"Gesch\u00e4tzte Lesezeit":"1\u00a0Minute"},"schema":{"@context":"https:\/\/schema.org","@graph":[{"@type":"WebPage","@id":"https:\/\/www.niedermueller.law\/de\/ueber-uns\/prozessfinanzierung\/","url":"https:\/\/www.niedermueller.law\/de\/ueber-uns\/prozessfinanzierung\/","name":"Prozessfinanzierung - Niederm\u00fcller Rechtsanw\u00e4lte","isPartOf":{"@id":"https:\/\/www.niedermueller.law\/de\/#website"},"datePublished":"2024-03-06T11:14:23+00:00","dateModified":"2024-10-04T11:22:56+00:00","breadcrumb":{"@id":"https:\/\/www.niedermueller.law\/de\/ueber-uns\/prozessfinanzierung\/#breadcrumb"},"inLanguage":"de","potentialAction":[{"@type":"ReadAction","target":["https:\/\/www.niedermueller.law\/de\/ueber-uns\/prozessfinanzierung\/"]}]},{"@type":"BreadcrumbList","@id":"https:\/\/www.niedermueller.law\/de\/ueber-uns\/prozessfinanzierung\/#breadcrumb","itemListElement":[{"@type":"ListItem","position":1,"name":"Home page","item":"https:\/\/www.niedermueller.law\/de\/"},{"@type":"ListItem","position":2,"name":"\u00dcber uns","item":"https:\/\/www.niedermueller.law\/de\/ueber-uns\/"},{"@type":"ListItem","position":3,"name":"Prozessfinanzierung"}]},{"@type":"WebSite","@id":"https:\/\/www.niedermueller.law\/de\/#website","url":"https:\/\/www.niedermueller.law\/de\/","name":"Niederm\u00fcller Rechtsanw\u00e4lte","description":"","publisher":{"@id":"https:\/\/www.niedermueller.law\/de\/#organization"},"potentialAction":[{"@type":"SearchAction","target":{"@type":"EntryPoint","urlTemplate":"https:\/\/www.niedermueller.law\/de\/?s={search_term_string}"},"query-input":{"@type":"PropertyValueSpecification","valueRequired":true,"valueName":"search_term_string"}}],"inLanguage":"de"},{"@type":"Organization","@id":"https:\/\/www.niedermueller.law\/de\/#organization","name":"Niederm\u00fcller Attorneys at Law","url":"https:\/\/www.niedermueller.law\/de\/","logo":{"@type":"ImageObject","inLanguage":"de","@id":"https:\/\/www.niedermueller.law\/de\/#\/schema\/logo\/image\/","url":"https:\/\/i0.wp.com\/www.niedermueller.law\/wp-content\/uploads\/2024\/03\/NIE_notariat_pos.png?fit=1350%2C272&ssl=1","contentUrl":"https:\/\/i0.wp.com\/www.niedermueller.law\/wp-content\/uploads\/2024\/03\/NIE_notariat_pos.png?fit=1350%2C272&ssl=1","width":1350,"height":272,"caption":"Niederm\u00fcller Attorneys at Law"},"image":{"@id":"https:\/\/www.niedermueller.law\/de\/#\/schema\/logo\/image\/"}}]}},"_links":{"self":[{"href":"https:\/\/www.niedermueller.law\/de\/wp-json\/wp\/v2\/pages\/821","targetHints":{"allow":["GET"]}}],"collection":[{"href":"https:\/\/www.niedermueller.law\/de\/wp-json\/wp\/v2\/pages"}],"about":[{"href":"https:\/\/www.niedermueller.law\/de\/wp-json\/wp\/v2\/types\/page"}],"author":[{"embeddable":true,"href":"https:\/\/www.niedermueller.law\/de\/wp-json\/wp\/v2\/users\/1"}],"replies":[{"embeddable":true,"href":"https:\/\/www.niedermueller.law\/de\/wp-json\/wp\/v2\/comments?post=821"}],"version-history":[{"count":6,"href":"https:\/\/www.niedermueller.law\/de\/wp-json\/wp\/v2\/pages\/821\/revisions"}],"predecessor-version":[{"id":2485,"href":"https:\/\/www.niedermueller.law\/de\/wp-json\/wp\/v2\/pages\/821\/revisions\/2485"}],"up":[{"embeddable":true,"href":"https:\/\/www.niedermueller.law\/de\/wp-json\/wp\/v2\/pages\/748"}],"wp:attachment":[{"href":"https:\/\/www.niedermueller.law\/de\/wp-json\/wp\/v2\/media?parent=821"}],"curies":[{"name":"wp","href":"https:\/\/api.w.org\/{rel}","templated":true}]}}