{"id":830,"date":"2024-03-06T11:15:06","date_gmt":"2024-03-06T11:15:06","guid":{"rendered":"https:\/\/neu.niedermueller.law\/?page_id=830"},"modified":"2025-07-15T10:04:51","modified_gmt":"2025-07-15T10:04:51","slug":"impressum","status":"publish","type":"page","link":"https:\/\/www.niedermueller.law\/de\/impressum\/","title":{"rendered":"Impressum"},"content":{"rendered":"\t\t<div data-elementor-type=\"wp-page\" data-elementor-id=\"830\" class=\"elementor elementor-830\" data-elementor-post-type=\"page\">\n\t\t\t\t<div class=\"elementor-element elementor-element-e66b834 e-flex e-con-boxed e-con e-parent\" data-id=\"e66b834\" data-element_type=\"container\" data-e-type=\"container\">\n\t\t\t\t\t<div class=\"e-con-inner\">\n\t\t\t\t<div class=\"elementor-element elementor-element-f02053c elementor-widget elementor-widget-text-editor\" data-id=\"f02053c\" data-element_type=\"widget\" data-e-type=\"widget\" data-widget_type=\"text-editor.default\">\n\t\t\t\t<div class=\"elementor-widget-container\">\n\t\t\t\t\t\t\t\t\t<p><strong>Gem\u00e4ss Art. 5 Abs. 1 E-Commerce-Gesetz (LGBl 2003\/133) geben wir Ihnen folgende Informationen bekannt:<\/strong><\/p><p><strong>Name und Adresse<br \/><\/strong>Niederm\u00fcller Rechtsanw\u00e4lte | Attorneys at Law<br \/>Werdenbergerweg 11<br \/>9490 Vaduz<br \/>F\u00fcrstentum Liechtenstein<\/p><p>T <a href=\"tel:+4232220750\">+423 222 07 50<\/a><br \/>F <a href=\"tel:+4232220751\">+423 222 07 51<\/a><br \/>M <a href=\"mailto:office@niedermueller.law\">office@niedermueller.law<\/a><\/p><p><strong>Aufsichtsbeh\u00f6rde<\/strong><a href=\"http:\/\/www.rak.li\/\" target=\"_blank\" rel=\"noopener\"><br \/>Liechtensteinische Rechtsanwaltskammer<\/a><\/p><p><strong>Disziplinarbeh\u00f6rde<br \/><\/strong>F\u00fcrstliches Obergericht<\/p><p><strong>Zust\u00e4ndige Rechtsanwaltskammer<\/strong><br \/><a href=\"http:\/\/www.rak.li\/\" target=\"_blank\" rel=\"noopener\">Liechtensteinische Rechtsanwaltskammer<\/a><\/p><p><strong>Berufsrechtliche Vorschriften<br \/><\/strong>Rechtsanwaltsgesetz, Verordnung \u00fcber die Rechtsanwaltspr\u00fcfung, Verordnung \u00fcber die Eignungspr\u00fcfung von Rechtsanw\u00e4lten aus dem EWR, Gesch\u00e4ftsordnung, Honorarrichtlinien und Standesrichtlinien der Liechtensteinischen Rechtsanwaltskammer, Gesetz \u00fcber den Tarif f\u00fcr Rechtsanw\u00e4lte und Rechtsagenten, Verordnung \u00fcber die Tarifans\u00e4tze der Entlohnung f\u00fcr Rechtsanw\u00e4lte und Rechtsagenten, Verordnung \u00fcber das Gerichtspraktikum, alle abrufbar unter\u00a0<a href=\"http:\/\/www.rak.li\/\">www.rak.li<\/a>.<\/p>\t\t\t\t\t\t\t\t<\/div>\n\t\t\t\t<\/div>\n\t\t\t\t\t<\/div>\n\t\t\t\t<\/div>\n\t\t\t\t<\/div>\n\t\t","protected":false},"excerpt":{"rendered":"<p>Gem\u00e4ss Art. 5 Abs. 1 E-Commerce-Gesetz (LGBl 2003\/133) geben wir Ihnen folgende Informationen bekannt: Name und AdresseNiederm\u00fcller Rechtsanw\u00e4lte | Attorneys at LawWerdenbergerweg 119490 VaduzF\u00fcrstentum Liechtenstein T +423 222 07 50F +423 222 07 51M office@niedermueller.law Aufsichtsbeh\u00f6rdeLiechtensteinische Rechtsanwaltskammer Disziplinarbeh\u00f6rdeF\u00fcrstliches Obergericht Zust\u00e4ndige RechtsanwaltskammerLiechtensteinische Rechtsanwaltskammer Berufsrechtliche VorschriftenRechtsanwaltsgesetz, Verordnung \u00fcber die Rechtsanwaltspr\u00fcfung, Verordnung \u00fcber die Eignungspr\u00fcfung von Rechtsanw\u00e4lten aus [&hellip;]<\/p>\n","protected":false},"author":1,"featured_media":0,"parent":0,"menu_order":0,"comment_status":"closed","ping_status":"closed","template":"","meta":{"_acf_changed":false,"footnotes":""},"class_list":["post-830","page","type-page","status-publish","hentry"],"acf":[],"yoast_head":"<!-- This site is optimized with the Yoast SEO plugin v27.6 - https:\/\/yoast.com\/product\/yoast-seo-wordpress\/ -->\n<title>Impressum - Niederm\u00fcller Rechtsanw\u00e4lte<\/title>\n<meta name=\"robots\" content=\"index, follow, max-snippet:-1, max-image-preview:large, max-video-preview:-1\" \/>\n<link rel=\"canonical\" href=\"https:\/\/www.niedermueller.law\/de\/impressum\/\" \/>\n<meta property=\"og:locale\" content=\"de_DE\" \/>\n<meta property=\"og:type\" content=\"article\" \/>\n<meta property=\"og:title\" content=\"Impressum - Niederm\u00fcller Rechtsanw\u00e4lte\" \/>\n<meta property=\"og:description\" content=\"Gem\u00e4ss Art. 5 Abs. 1 E-Commerce-Gesetz (LGBl 2003\/133) geben wir Ihnen folgende Informationen bekannt: Name und AdresseNiederm\u00fcller Rechtsanw\u00e4lte | Attorneys at LawWerdenbergerweg 119490 VaduzF\u00fcrstentum Liechtenstein T +423 222 07 50F +423 222 07 51M office@niedermueller.law Aufsichtsbeh\u00f6rdeLiechtensteinische Rechtsanwaltskammer Disziplinarbeh\u00f6rdeF\u00fcrstliches Obergericht Zust\u00e4ndige RechtsanwaltskammerLiechtensteinische Rechtsanwaltskammer Berufsrechtliche VorschriftenRechtsanwaltsgesetz, Verordnung \u00fcber die Rechtsanwaltspr\u00fcfung, Verordnung \u00fcber die Eignungspr\u00fcfung von Rechtsanw\u00e4lten aus [&hellip;]\" \/>\n<meta property=\"og:url\" content=\"https:\/\/www.niedermueller.law\/de\/impressum\/\" \/>\n<meta property=\"og:site_name\" content=\"Niederm\u00fcller Rechtsanw\u00e4lte\" \/>\n<meta property=\"article:modified_time\" content=\"2025-07-15T10:04:51+00:00\" \/>\n<meta name=\"twitter:card\" content=\"summary_large_image\" \/>\n<meta name=\"twitter:label1\" content=\"Gesch\u00e4tzte Lesezeit\" \/>\n\t<meta name=\"twitter:data1\" content=\"1\u00a0Minute\" \/>\n<script type=\"application\/ld+json\" class=\"yoast-schema-graph\">{\"@context\":\"https:\\\/\\\/schema.org\",\"@graph\":[{\"@type\":\"WebPage\",\"@id\":\"https:\\\/\\\/www.niedermueller.law\\\/de\\\/impressum\\\/\",\"url\":\"https:\\\/\\\/www.niedermueller.law\\\/de\\\/impressum\\\/\",\"name\":\"Impressum - Niederm\u00fcller Rechtsanw\u00e4lte\",\"isPartOf\":{\"@id\":\"https:\\\/\\\/www.niedermueller.law\\\/de\\\/#website\"},\"datePublished\":\"2024-03-06T11:15:06+00:00\",\"dateModified\":\"2025-07-15T10:04:51+00:00\",\"breadcrumb\":{\"@id\":\"https:\\\/\\\/www.niedermueller.law\\\/de\\\/impressum\\\/#breadcrumb\"},\"inLanguage\":\"de\",\"potentialAction\":[{\"@type\":\"ReadAction\",\"target\":[\"https:\\\/\\\/www.niedermueller.law\\\/de\\\/impressum\\\/\"]}]},{\"@type\":\"BreadcrumbList\",\"@id\":\"https:\\\/\\\/www.niedermueller.law\\\/de\\\/impressum\\\/#breadcrumb\",\"itemListElement\":[{\"@type\":\"ListItem\",\"position\":1,\"name\":\"Home page\",\"item\":\"https:\\\/\\\/www.niedermueller.law\\\/de\\\/\"},{\"@type\":\"ListItem\",\"position\":2,\"name\":\"Impressum\"}]},{\"@type\":\"WebSite\",\"@id\":\"https:\\\/\\\/www.niedermueller.law\\\/de\\\/#website\",\"url\":\"https:\\\/\\\/www.niedermueller.law\\\/de\\\/\",\"name\":\"Niederm\u00fcller Rechtsanw\u00e4lte\",\"description\":\"\",\"publisher\":{\"@id\":\"https:\\\/\\\/www.niedermueller.law\\\/de\\\/#organization\"},\"potentialAction\":[{\"@type\":\"SearchAction\",\"target\":{\"@type\":\"EntryPoint\",\"urlTemplate\":\"https:\\\/\\\/www.niedermueller.law\\\/de\\\/?s={search_term_string}\"},\"query-input\":{\"@type\":\"PropertyValueSpecification\",\"valueRequired\":true,\"valueName\":\"search_term_string\"}}],\"inLanguage\":\"de\"},{\"@type\":\"Organization\",\"@id\":\"https:\\\/\\\/www.niedermueller.law\\\/de\\\/#organization\",\"name\":\"Niederm\u00fcller Attorneys at Law\",\"url\":\"https:\\\/\\\/www.niedermueller.law\\\/de\\\/\",\"logo\":{\"@type\":\"ImageObject\",\"inLanguage\":\"de\",\"@id\":\"https:\\\/\\\/www.niedermueller.law\\\/de\\\/#\\\/schema\\\/logo\\\/image\\\/\",\"url\":\"https:\\\/\\\/i0.wp.com\\\/www.niedermueller.law\\\/wp-content\\\/uploads\\\/2024\\\/03\\\/NIE_notariat_pos.png?fit=1350%2C272&ssl=1\",\"contentUrl\":\"https:\\\/\\\/i0.wp.com\\\/www.niedermueller.law\\\/wp-content\\\/uploads\\\/2024\\\/03\\\/NIE_notariat_pos.png?fit=1350%2C272&ssl=1\",\"width\":1350,\"height\":272,\"caption\":\"Niederm\u00fcller Attorneys at Law\"},\"image\":{\"@id\":\"https:\\\/\\\/www.niedermueller.law\\\/de\\\/#\\\/schema\\\/logo\\\/image\\\/\"}}]}<\/script>\n<!-- \/ Yoast SEO plugin. -->","yoast_head_json":{"title":"Impressum - Niederm\u00fcller Rechtsanw\u00e4lte","robots":{"index":"index","follow":"follow","max-snippet":"max-snippet:-1","max-image-preview":"max-image-preview:large","max-video-preview":"max-video-preview:-1"},"canonical":"https:\/\/www.niedermueller.law\/de\/impressum\/","og_locale":"de_DE","og_type":"article","og_title":"Impressum - Niederm\u00fcller Rechtsanw\u00e4lte","og_description":"Gem\u00e4ss Art. 5 Abs. 1 E-Commerce-Gesetz (LGBl 2003\/133) geben wir Ihnen folgende Informationen bekannt: Name und AdresseNiederm\u00fcller Rechtsanw\u00e4lte | Attorneys at LawWerdenbergerweg 119490 VaduzF\u00fcrstentum Liechtenstein T +423 222 07 50F +423 222 07 51M office@niedermueller.law Aufsichtsbeh\u00f6rdeLiechtensteinische Rechtsanwaltskammer Disziplinarbeh\u00f6rdeF\u00fcrstliches Obergericht Zust\u00e4ndige RechtsanwaltskammerLiechtensteinische Rechtsanwaltskammer Berufsrechtliche VorschriftenRechtsanwaltsgesetz, Verordnung \u00fcber die Rechtsanwaltspr\u00fcfung, Verordnung \u00fcber die Eignungspr\u00fcfung von Rechtsanw\u00e4lten aus [&hellip;]","og_url":"https:\/\/www.niedermueller.law\/de\/impressum\/","og_site_name":"Niederm\u00fcller Rechtsanw\u00e4lte","article_modified_time":"2025-07-15T10:04:51+00:00","twitter_card":"summary_large_image","twitter_misc":{"Gesch\u00e4tzte Lesezeit":"1\u00a0Minute"},"schema":{"@context":"https:\/\/schema.org","@graph":[{"@type":"WebPage","@id":"https:\/\/www.niedermueller.law\/de\/impressum\/","url":"https:\/\/www.niedermueller.law\/de\/impressum\/","name":"Impressum - Niederm\u00fcller Rechtsanw\u00e4lte","isPartOf":{"@id":"https:\/\/www.niedermueller.law\/de\/#website"},"datePublished":"2024-03-06T11:15:06+00:00","dateModified":"2025-07-15T10:04:51+00:00","breadcrumb":{"@id":"https:\/\/www.niedermueller.law\/de\/impressum\/#breadcrumb"},"inLanguage":"de","potentialAction":[{"@type":"ReadAction","target":["https:\/\/www.niedermueller.law\/de\/impressum\/"]}]},{"@type":"BreadcrumbList","@id":"https:\/\/www.niedermueller.law\/de\/impressum\/#breadcrumb","itemListElement":[{"@type":"ListItem","position":1,"name":"Home page","item":"https:\/\/www.niedermueller.law\/de\/"},{"@type":"ListItem","position":2,"name":"Impressum"}]},{"@type":"WebSite","@id":"https:\/\/www.niedermueller.law\/de\/#website","url":"https:\/\/www.niedermueller.law\/de\/","name":"Niederm\u00fcller Rechtsanw\u00e4lte","description":"","publisher":{"@id":"https:\/\/www.niedermueller.law\/de\/#organization"},"potentialAction":[{"@type":"SearchAction","target":{"@type":"EntryPoint","urlTemplate":"https:\/\/www.niedermueller.law\/de\/?s={search_term_string}"},"query-input":{"@type":"PropertyValueSpecification","valueRequired":true,"valueName":"search_term_string"}}],"inLanguage":"de"},{"@type":"Organization","@id":"https:\/\/www.niedermueller.law\/de\/#organization","name":"Niederm\u00fcller Attorneys at Law","url":"https:\/\/www.niedermueller.law\/de\/","logo":{"@type":"ImageObject","inLanguage":"de","@id":"https:\/\/www.niedermueller.law\/de\/#\/schema\/logo\/image\/","url":"https:\/\/i0.wp.com\/www.niedermueller.law\/wp-content\/uploads\/2024\/03\/NIE_notariat_pos.png?fit=1350%2C272&ssl=1","contentUrl":"https:\/\/i0.wp.com\/www.niedermueller.law\/wp-content\/uploads\/2024\/03\/NIE_notariat_pos.png?fit=1350%2C272&ssl=1","width":1350,"height":272,"caption":"Niederm\u00fcller Attorneys at Law"},"image":{"@id":"https:\/\/www.niedermueller.law\/de\/#\/schema\/logo\/image\/"}}]}},"_links":{"self":[{"href":"https:\/\/www.niedermueller.law\/de\/wp-json\/wp\/v2\/pages\/830","targetHints":{"allow":["GET"]}}],"collection":[{"href":"https:\/\/www.niedermueller.law\/de\/wp-json\/wp\/v2\/pages"}],"about":[{"href":"https:\/\/www.niedermueller.law\/de\/wp-json\/wp\/v2\/types\/page"}],"author":[{"embeddable":true,"href":"https:\/\/www.niedermueller.law\/de\/wp-json\/wp\/v2\/users\/1"}],"replies":[{"embeddable":true,"href":"https:\/\/www.niedermueller.law\/de\/wp-json\/wp\/v2\/comments?post=830"}],"version-history":[{"count":6,"href":"https:\/\/www.niedermueller.law\/de\/wp-json\/wp\/v2\/pages\/830\/revisions"}],"predecessor-version":[{"id":2932,"href":"https:\/\/www.niedermueller.law\/de\/wp-json\/wp\/v2\/pages\/830\/revisions\/2932"}],"wp:attachment":[{"href":"https:\/\/www.niedermueller.law\/de\/wp-json\/wp\/v2\/media?parent=830"}],"curies":[{"name":"wp","href":"https:\/\/api.w.org\/{rel}","templated":true}]}}