{"id":834,"date":"2024-03-06T11:15:22","date_gmt":"2024-03-06T11:15:22","guid":{"rendered":"https:\/\/neu.niedermueller.law\/?page_id=834"},"modified":"2024-03-07T10:04:24","modified_gmt":"2024-03-07T10:04:24","slug":"haftungsausschluss","status":"publish","type":"page","link":"https:\/\/www.niedermueller.law\/de\/haftungsausschluss\/","title":{"rendered":"Haftungsausschluss"},"content":{"rendered":"\t\t<div data-elementor-type=\"wp-page\" data-elementor-id=\"834\" class=\"elementor elementor-834\" data-elementor-post-type=\"page\">\n\t\t\t\t<div class=\"elementor-element elementor-element-0afaec7 e-flex e-con-boxed e-con e-parent\" data-id=\"0afaec7\" data-element_type=\"container\" data-e-type=\"container\">\n\t\t\t\t\t<div class=\"e-con-inner\">\n\t\t\t\t<div class=\"elementor-element elementor-element-70019f2 elementor-widget elementor-widget-text-editor\" data-id=\"70019f2\" data-element_type=\"widget\" data-e-type=\"widget\" data-widget_type=\"text-editor.default\">\n\t\t\t\t<div class=\"elementor-widget-container\">\n\t\t\t\t\t\t\t\t\t<p>Der Betreiber ist bem\u00fcht, einen sicheren Betrieb der Website zu gew\u00e4hren. Dennoch k\u00f6nnen M\u00e4ngel, wie z.B. Datenverlust oder -verf\u00e4lschung, Virenbefall, Betriebsunterbruch etc. nicht ausgeschlossen werden. Der Zugriff auf die Website erfolgt deshalb auf eigene Gefahr und in eigener Verantwortung.<\/p><p>Alle Inhalte dieser Website dienen lediglich der allgemeinen Information und stellt keinerlei Rechtsberatung dar. Wir \u00fcbernehmen keine Gew\u00e4hr f\u00fcr die Aktualit\u00e4t, Richtigkeit und Vollst\u00e4ndigkeit der auf dieser Website bereitgestellten Informationen. Gleiches gilt auch f\u00fcr die Inhalte externer Seiten, auf welche direkt oder indirekt verwiesen wird. Wir behalten uns vor, ohne vorherige Ank\u00fcndigung, \u00c4nderungen oder Erg\u00e4nzungen des Inhalts der Website vorzunehmen. Jedwede Haftung f\u00fcr den Inhalt der Website oder f\u00fcr Sch\u00e4den, welche aufgrund oder in Zusammenhang von heruntergeladenen Informationen oder Dokumenten entstehen, ist ausgeschlossen. Dies beinhaltet sowohl materielle als auch immaterielle Sch\u00e4den.<\/p>\t\t\t\t\t\t\t\t<\/div>\n\t\t\t\t<\/div>\n\t\t\t\t\t<\/div>\n\t\t\t\t<\/div>\n\t\t\t\t<\/div>\n\t\t","protected":false},"excerpt":{"rendered":"<p>Der Betreiber ist bem\u00fcht, einen sicheren Betrieb der Website zu gew\u00e4hren. Dennoch k\u00f6nnen M\u00e4ngel, wie z.B. Datenverlust oder -verf\u00e4lschung, Virenbefall, Betriebsunterbruch etc. nicht ausgeschlossen werden. Der Zugriff auf die Website erfolgt deshalb auf eigene Gefahr und in eigener Verantwortung. Alle Inhalte dieser Website dienen lediglich der allgemeinen Information und stellt keinerlei Rechtsberatung dar. Wir \u00fcbernehmen [&hellip;]<\/p>\n","protected":false},"author":1,"featured_media":0,"parent":0,"menu_order":0,"comment_status":"closed","ping_status":"closed","template":"","meta":{"_acf_changed":false,"footnotes":""},"class_list":["post-834","page","type-page","status-publish","hentry"],"acf":[],"yoast_head":"<!-- This site is optimized with the Yoast SEO plugin v27.6 - https:\/\/yoast.com\/product\/yoast-seo-wordpress\/ -->\n<title>Haftungsausschluss - Niederm\u00fcller Rechtsanw\u00e4lte<\/title>\n<meta name=\"robots\" content=\"index, follow, max-snippet:-1, max-image-preview:large, max-video-preview:-1\" \/>\n<link rel=\"canonical\" href=\"https:\/\/www.niedermueller.law\/de\/haftungsausschluss\/\" \/>\n<meta property=\"og:locale\" content=\"de_DE\" \/>\n<meta property=\"og:type\" content=\"article\" \/>\n<meta property=\"og:title\" content=\"Haftungsausschluss - Niederm\u00fcller Rechtsanw\u00e4lte\" \/>\n<meta property=\"og:description\" content=\"Der Betreiber ist bem\u00fcht, einen sicheren Betrieb der Website zu gew\u00e4hren. Dennoch k\u00f6nnen M\u00e4ngel, wie z.B. Datenverlust oder -verf\u00e4lschung, Virenbefall, Betriebsunterbruch etc. nicht ausgeschlossen werden. Der Zugriff auf die Website erfolgt deshalb auf eigene Gefahr und in eigener Verantwortung. Alle Inhalte dieser Website dienen lediglich der allgemeinen Information und stellt keinerlei Rechtsberatung dar. Wir \u00fcbernehmen [&hellip;]\" \/>\n<meta property=\"og:url\" content=\"https:\/\/www.niedermueller.law\/de\/haftungsausschluss\/\" \/>\n<meta property=\"og:site_name\" content=\"Niederm\u00fcller Rechtsanw\u00e4lte\" \/>\n<meta property=\"article:modified_time\" content=\"2024-03-07T10:04:24+00:00\" \/>\n<meta name=\"twitter:card\" content=\"summary_large_image\" \/>\n<meta name=\"twitter:label1\" content=\"Gesch\u00e4tzte Lesezeit\" \/>\n\t<meta name=\"twitter:data1\" content=\"1\u00a0Minute\" \/>\n<script type=\"application\/ld+json\" class=\"yoast-schema-graph\">{\"@context\":\"https:\\\/\\\/schema.org\",\"@graph\":[{\"@type\":\"WebPage\",\"@id\":\"https:\\\/\\\/www.niedermueller.law\\\/de\\\/haftungsausschluss\\\/\",\"url\":\"https:\\\/\\\/www.niedermueller.law\\\/de\\\/haftungsausschluss\\\/\",\"name\":\"Haftungsausschluss - Niederm\u00fcller Rechtsanw\u00e4lte\",\"isPartOf\":{\"@id\":\"https:\\\/\\\/www.niedermueller.law\\\/de\\\/#website\"},\"datePublished\":\"2024-03-06T11:15:22+00:00\",\"dateModified\":\"2024-03-07T10:04:24+00:00\",\"breadcrumb\":{\"@id\":\"https:\\\/\\\/www.niedermueller.law\\\/de\\\/haftungsausschluss\\\/#breadcrumb\"},\"inLanguage\":\"de\",\"potentialAction\":[{\"@type\":\"ReadAction\",\"target\":[\"https:\\\/\\\/www.niedermueller.law\\\/de\\\/haftungsausschluss\\\/\"]}]},{\"@type\":\"BreadcrumbList\",\"@id\":\"https:\\\/\\\/www.niedermueller.law\\\/de\\\/haftungsausschluss\\\/#breadcrumb\",\"itemListElement\":[{\"@type\":\"ListItem\",\"position\":1,\"name\":\"Home page\",\"item\":\"https:\\\/\\\/www.niedermueller.law\\\/de\\\/\"},{\"@type\":\"ListItem\",\"position\":2,\"name\":\"Haftungsausschluss\"}]},{\"@type\":\"WebSite\",\"@id\":\"https:\\\/\\\/www.niedermueller.law\\\/de\\\/#website\",\"url\":\"https:\\\/\\\/www.niedermueller.law\\\/de\\\/\",\"name\":\"Niederm\u00fcller Rechtsanw\u00e4lte\",\"description\":\"\",\"publisher\":{\"@id\":\"https:\\\/\\\/www.niedermueller.law\\\/de\\\/#organization\"},\"potentialAction\":[{\"@type\":\"SearchAction\",\"target\":{\"@type\":\"EntryPoint\",\"urlTemplate\":\"https:\\\/\\\/www.niedermueller.law\\\/de\\\/?s={search_term_string}\"},\"query-input\":{\"@type\":\"PropertyValueSpecification\",\"valueRequired\":true,\"valueName\":\"search_term_string\"}}],\"inLanguage\":\"de\"},{\"@type\":\"Organization\",\"@id\":\"https:\\\/\\\/www.niedermueller.law\\\/de\\\/#organization\",\"name\":\"Niederm\u00fcller Attorneys at Law\",\"url\":\"https:\\\/\\\/www.niedermueller.law\\\/de\\\/\",\"logo\":{\"@type\":\"ImageObject\",\"inLanguage\":\"de\",\"@id\":\"https:\\\/\\\/www.niedermueller.law\\\/de\\\/#\\\/schema\\\/logo\\\/image\\\/\",\"url\":\"https:\\\/\\\/i0.wp.com\\\/www.niedermueller.law\\\/wp-content\\\/uploads\\\/2024\\\/03\\\/NIE_notariat_pos.png?fit=1350%2C272&ssl=1\",\"contentUrl\":\"https:\\\/\\\/i0.wp.com\\\/www.niedermueller.law\\\/wp-content\\\/uploads\\\/2024\\\/03\\\/NIE_notariat_pos.png?fit=1350%2C272&ssl=1\",\"width\":1350,\"height\":272,\"caption\":\"Niederm\u00fcller Attorneys at Law\"},\"image\":{\"@id\":\"https:\\\/\\\/www.niedermueller.law\\\/de\\\/#\\\/schema\\\/logo\\\/image\\\/\"}}]}<\/script>\n<!-- \/ Yoast SEO plugin. -->","yoast_head_json":{"title":"Haftungsausschluss - Niederm\u00fcller Rechtsanw\u00e4lte","robots":{"index":"index","follow":"follow","max-snippet":"max-snippet:-1","max-image-preview":"max-image-preview:large","max-video-preview":"max-video-preview:-1"},"canonical":"https:\/\/www.niedermueller.law\/de\/haftungsausschluss\/","og_locale":"de_DE","og_type":"article","og_title":"Haftungsausschluss - Niederm\u00fcller Rechtsanw\u00e4lte","og_description":"Der Betreiber ist bem\u00fcht, einen sicheren Betrieb der Website zu gew\u00e4hren. Dennoch k\u00f6nnen M\u00e4ngel, wie z.B. Datenverlust oder -verf\u00e4lschung, Virenbefall, Betriebsunterbruch etc. nicht ausgeschlossen werden. Der Zugriff auf die Website erfolgt deshalb auf eigene Gefahr und in eigener Verantwortung. Alle Inhalte dieser Website dienen lediglich der allgemeinen Information und stellt keinerlei Rechtsberatung dar. Wir \u00fcbernehmen [&hellip;]","og_url":"https:\/\/www.niedermueller.law\/de\/haftungsausschluss\/","og_site_name":"Niederm\u00fcller Rechtsanw\u00e4lte","article_modified_time":"2024-03-07T10:04:24+00:00","twitter_card":"summary_large_image","twitter_misc":{"Gesch\u00e4tzte Lesezeit":"1\u00a0Minute"},"schema":{"@context":"https:\/\/schema.org","@graph":[{"@type":"WebPage","@id":"https:\/\/www.niedermueller.law\/de\/haftungsausschluss\/","url":"https:\/\/www.niedermueller.law\/de\/haftungsausschluss\/","name":"Haftungsausschluss - Niederm\u00fcller Rechtsanw\u00e4lte","isPartOf":{"@id":"https:\/\/www.niedermueller.law\/de\/#website"},"datePublished":"2024-03-06T11:15:22+00:00","dateModified":"2024-03-07T10:04:24+00:00","breadcrumb":{"@id":"https:\/\/www.niedermueller.law\/de\/haftungsausschluss\/#breadcrumb"},"inLanguage":"de","potentialAction":[{"@type":"ReadAction","target":["https:\/\/www.niedermueller.law\/de\/haftungsausschluss\/"]}]},{"@type":"BreadcrumbList","@id":"https:\/\/www.niedermueller.law\/de\/haftungsausschluss\/#breadcrumb","itemListElement":[{"@type":"ListItem","position":1,"name":"Home page","item":"https:\/\/www.niedermueller.law\/de\/"},{"@type":"ListItem","position":2,"name":"Haftungsausschluss"}]},{"@type":"WebSite","@id":"https:\/\/www.niedermueller.law\/de\/#website","url":"https:\/\/www.niedermueller.law\/de\/","name":"Niederm\u00fcller Rechtsanw\u00e4lte","description":"","publisher":{"@id":"https:\/\/www.niedermueller.law\/de\/#organization"},"potentialAction":[{"@type":"SearchAction","target":{"@type":"EntryPoint","urlTemplate":"https:\/\/www.niedermueller.law\/de\/?s={search_term_string}"},"query-input":{"@type":"PropertyValueSpecification","valueRequired":true,"valueName":"search_term_string"}}],"inLanguage":"de"},{"@type":"Organization","@id":"https:\/\/www.niedermueller.law\/de\/#organization","name":"Niederm\u00fcller Attorneys at Law","url":"https:\/\/www.niedermueller.law\/de\/","logo":{"@type":"ImageObject","inLanguage":"de","@id":"https:\/\/www.niedermueller.law\/de\/#\/schema\/logo\/image\/","url":"https:\/\/i0.wp.com\/www.niedermueller.law\/wp-content\/uploads\/2024\/03\/NIE_notariat_pos.png?fit=1350%2C272&ssl=1","contentUrl":"https:\/\/i0.wp.com\/www.niedermueller.law\/wp-content\/uploads\/2024\/03\/NIE_notariat_pos.png?fit=1350%2C272&ssl=1","width":1350,"height":272,"caption":"Niederm\u00fcller Attorneys at Law"},"image":{"@id":"https:\/\/www.niedermueller.law\/de\/#\/schema\/logo\/image\/"}}]}},"_links":{"self":[{"href":"https:\/\/www.niedermueller.law\/de\/wp-json\/wp\/v2\/pages\/834","targetHints":{"allow":["GET"]}}],"collection":[{"href":"https:\/\/www.niedermueller.law\/de\/wp-json\/wp\/v2\/pages"}],"about":[{"href":"https:\/\/www.niedermueller.law\/de\/wp-json\/wp\/v2\/types\/page"}],"author":[{"embeddable":true,"href":"https:\/\/www.niedermueller.law\/de\/wp-json\/wp\/v2\/users\/1"}],"replies":[{"embeddable":true,"href":"https:\/\/www.niedermueller.law\/de\/wp-json\/wp\/v2\/comments?post=834"}],"version-history":[{"count":0,"href":"https:\/\/www.niedermueller.law\/de\/wp-json\/wp\/v2\/pages\/834\/revisions"}],"wp:attachment":[{"href":"https:\/\/www.niedermueller.law\/de\/wp-json\/wp\/v2\/media?parent=834"}],"curies":[{"name":"wp","href":"https:\/\/api.w.org\/{rel}","templated":true}]}}