{"id":840,"date":"2024-03-06T11:15:46","date_gmt":"2024-03-06T11:15:46","guid":{"rendered":"https:\/\/neu.niedermueller.law\/?page_id=840"},"modified":"2024-03-07T10:06:27","modified_gmt":"2024-03-07T10:06:27","slug":"notariat","status":"publish","type":"page","link":"https:\/\/www.niedermueller.law\/de\/notariat\/","title":{"rendered":"Notariat"},"content":{"rendered":"\t\t<div data-elementor-type=\"wp-page\" data-elementor-id=\"840\" class=\"elementor elementor-840\" data-elementor-post-type=\"page\">\n\t\t\t\t<div class=\"elementor-element elementor-element-48bf30d e-flex e-con-boxed e-con e-parent\" data-id=\"48bf30d\" data-element_type=\"container\" data-e-type=\"container\">\n\t\t\t\t\t<div class=\"e-con-inner\">\n\t\t<div class=\"elementor-element elementor-element-f6ff1a3 e-con-full e-flex e-con e-child\" data-id=\"f6ff1a3\" data-element_type=\"container\" data-e-type=\"container\">\n\t\t<div class=\"elementor-element elementor-element-73be84b e-flex e-con-boxed e-con e-child\" data-id=\"73be84b\" data-element_type=\"container\" data-e-type=\"container\">\n\t\t\t\t\t<div class=\"e-con-inner\">\n\t\t\t\t<div class=\"elementor-element elementor-element-75c455e elementor-widget elementor-widget-text-editor\" data-id=\"75c455e\" data-element_type=\"widget\" data-e-type=\"widget\" data-widget_type=\"text-editor.default\">\n\t\t\t\t<div class=\"elementor-widget-container\">\n\t\t\t\t\t\t\t\t\t<p><strong>\u00d6FFENTLICHE URKUNDEN | <\/strong>In allen F\u00e4llen, in denen das Gesetz f\u00fcr Rechtsgesch\u00e4fte und Rechtsbeziehungen die Form einer \u00f6ffentlichen Urkunde vorschreibt, beraten wir Sie und erstellen und beglaubigen die erforderliche \u00f6ffentliche Urkunde. Die \u00f6ffentliche Urkunde kann sowohl liechtensteinischem Recht als auch ausl\u00e4ndischem Recht unterstellt werden. Auch kann die \u00f6ffentliche Urkunde nicht nur in deutscher, sondern auch in englischer Sprache abgefasst werden.<\/p>\t\t\t\t\t\t\t\t<\/div>\n\t\t\t\t<\/div>\n\t\t\t\t\t<\/div>\n\t\t\t\t<\/div>\n\t\t<div class=\"elementor-element elementor-element-85a25e5 e-flex e-con-boxed e-con e-child\" data-id=\"85a25e5\" data-element_type=\"container\" data-e-type=\"container\">\n\t\t\t\t\t<div class=\"e-con-inner\">\n\t\t\t\t<div class=\"elementor-element elementor-element-258fb6a elementor-widget elementor-widget-text-editor\" data-id=\"258fb6a\" data-element_type=\"widget\" data-e-type=\"widget\" data-widget_type=\"text-editor.default\">\n\t\t\t\t<div class=\"elementor-widget-container\">\n\t\t\t\t\t\t\t\t\t<p><strong>EIDESSTATTLICHE VERSICHERUNGEN UND EIDESSTATTLICHE ERKL\u00c4RUNGEN |<\/strong> Wir k\u00f6nnen eidesstattliche Versicherungen und eidesstattliche Erkl\u00e4rungen in deutscher und englischer Sprache zur Verwendung in ausl\u00e4ndischen Gerichtsverfahren aufnehmen und beglaubigen.<\/p>\t\t\t\t\t\t\t\t<\/div>\n\t\t\t\t<\/div>\n\t\t\t\t\t<\/div>\n\t\t\t\t<\/div>\n\t\t<div class=\"elementor-element elementor-element-31920ab e-flex e-con-boxed e-con e-child\" data-id=\"31920ab\" data-element_type=\"container\" data-e-type=\"container\">\n\t\t\t\t\t<div class=\"e-con-inner\">\n\t\t\t\t<div class=\"elementor-element elementor-element-a9e8c46 elementor-widget elementor-widget-text-editor\" data-id=\"a9e8c46\" data-element_type=\"widget\" data-e-type=\"widget\" data-widget_type=\"text-editor.default\">\n\t\t\t\t<div class=\"elementor-widget-container\">\n\t\t\t\t\t\t\t\t\t<p><span lang=\"EN-GB\"><strong>NOTARISIERUNG VON FAKTEN UND RECHTLICHEN BEZ\u00dcGEN |<\/strong> Wir erstellen \u00f6ffentliche Urkunden zur Beurkundung wichtiger Tatsachen oder Rechtsverh\u00e4ltnisse sowohl in deutscher als auch in englischer Sprache.<\/span><\/p>\t\t\t\t\t\t\t\t<\/div>\n\t\t\t\t<\/div>\n\t\t\t\t\t<\/div>\n\t\t\t\t<\/div>\n\t\t\t\t<\/div>\n\t\t<div class=\"elementor-element elementor-element-f70f5d3 e-con-full e-flex e-con e-child\" data-id=\"f70f5d3\" data-element_type=\"container\" data-e-type=\"container\">\n\t\t<div class=\"elementor-element elementor-element-50cc121 e-flex e-con-boxed e-con e-child\" data-id=\"50cc121\" data-element_type=\"container\" data-e-type=\"container\">\n\t\t\t\t\t<div class=\"e-con-inner\">\n\t\t\t\t<div class=\"elementor-element elementor-element-f7f3435 elementor-widget elementor-widget-text-editor\" data-id=\"f7f3435\" data-element_type=\"widget\" data-e-type=\"widget\" data-widget_type=\"text-editor.default\">\n\t\t\t\t<div class=\"elementor-widget-container\">\n\t\t\t\t\t\t\t\t\t<p><span lang=\"EN-GB\"><strong>BEGLAUBIGTE UNTERSCHRIFTEN |<\/strong> Wir beglaubigen Ihre Unterschrift auf allen Arten von Dokumenten mit deutscher und englischer Beglaubigung.<\/span><\/p>\t\t\t\t\t\t\t\t<\/div>\n\t\t\t\t<\/div>\n\t\t\t\t\t<\/div>\n\t\t\t\t<\/div>\n\t\t<div class=\"elementor-element elementor-element-98f098c e-flex e-con-boxed e-con e-child\" data-id=\"98f098c\" data-element_type=\"container\" data-e-type=\"container\">\n\t\t\t\t\t<div class=\"e-con-inner\">\n\t\t\t\t<div class=\"elementor-element elementor-element-35f8e18 elementor-widget elementor-widget-text-editor\" data-id=\"35f8e18\" data-element_type=\"widget\" data-e-type=\"widget\" data-widget_type=\"text-editor.default\">\n\t\t\t\t<div class=\"elementor-widget-container\">\n\t\t\t\t\t\t\t\t\t<p><span lang=\"EN-GB\"><strong>APOSTILLE UND SUPERLEGALISIERUNG |<\/strong> Bei Bedarf veranlassen wir die erforderliche Apostille und Superlegalisierung f\u00fcr beglaubigte oder notariell beurkundete Dokumente.<\/span><\/p>\t\t\t\t\t\t\t\t<\/div>\n\t\t\t\t<\/div>\n\t\t\t\t\t<\/div>\n\t\t\t\t<\/div>\n\t\t<div class=\"elementor-element elementor-element-b3a84bc e-flex e-con-boxed e-con e-child\" data-id=\"b3a84bc\" data-element_type=\"container\" data-e-type=\"container\">\n\t\t\t\t\t<div class=\"e-con-inner\">\n\t\t\t\t<div class=\"elementor-element elementor-element-4343354 elementor-widget elementor-widget-text-editor\" data-id=\"4343354\" data-element_type=\"widget\" data-e-type=\"widget\" data-widget_type=\"text-editor.default\">\n\t\t\t\t<div class=\"elementor-widget-container\">\n\t\t\t\t\t\t\t\t\t<p><span lang=\"EN-GB\"><strong>BEGLAUBIGTE KOPIEN |<\/strong> Bei Bedarf k\u00f6nnen wir beglaubigte Kopien und Ausz\u00fcge von Dokumenten aller Art anfertigen. \u00a0<br \/><\/span><\/p>\t\t\t\t\t\t\t\t<\/div>\n\t\t\t\t<\/div>\n\t\t\t\t\t<\/div>\n\t\t\t\t<\/div>\n\t\t\t\t<\/div>\n\t\t\t\t\t<\/div>\n\t\t\t\t<\/div>\n\t\t\t\t<\/div>\n\t\t","protected":false},"excerpt":{"rendered":"<p>\u00d6FFENTLICHE URKUNDEN | In allen F\u00e4llen, in denen das Gesetz f\u00fcr Rechtsgesch\u00e4fte und Rechtsbeziehungen die Form einer \u00f6ffentlichen Urkunde vorschreibt, beraten wir Sie und erstellen und beglaubigen die erforderliche \u00f6ffentliche Urkunde. Die \u00f6ffentliche Urkunde kann sowohl liechtensteinischem Recht als auch ausl\u00e4ndischem Recht unterstellt werden. Auch kann die \u00f6ffentliche Urkunde nicht nur in deutscher, sondern auch [&hellip;]<\/p>\n","protected":false},"author":1,"featured_media":0,"parent":0,"menu_order":0,"comment_status":"closed","ping_status":"closed","template":"","meta":{"_acf_changed":false,"footnotes":""},"class_list":["post-840","page","type-page","status-publish","hentry"],"acf":[],"yoast_head":"<!-- This site is optimized with the Yoast SEO plugin v27.6 - https:\/\/yoast.com\/product\/yoast-seo-wordpress\/ -->\n<title>Notariat - Niederm\u00fcller Rechtsanw\u00e4lte<\/title>\n<meta name=\"robots\" content=\"index, follow, max-snippet:-1, max-image-preview:large, max-video-preview:-1\" \/>\n<link rel=\"canonical\" href=\"https:\/\/www.niedermueller.law\/de\/notariat\/\" \/>\n<meta property=\"og:locale\" content=\"de_DE\" \/>\n<meta property=\"og:type\" content=\"article\" \/>\n<meta property=\"og:title\" content=\"Notariat - Niederm\u00fcller Rechtsanw\u00e4lte\" \/>\n<meta property=\"og:description\" content=\"\u00d6FFENTLICHE URKUNDEN | In allen F\u00e4llen, in denen das Gesetz f\u00fcr Rechtsgesch\u00e4fte und Rechtsbeziehungen die Form einer \u00f6ffentlichen Urkunde vorschreibt, beraten wir Sie und erstellen und beglaubigen die erforderliche \u00f6ffentliche Urkunde. Die \u00f6ffentliche Urkunde kann sowohl liechtensteinischem Recht als auch ausl\u00e4ndischem Recht unterstellt werden. Auch kann die \u00f6ffentliche Urkunde nicht nur in deutscher, sondern auch [&hellip;]\" \/>\n<meta property=\"og:url\" content=\"https:\/\/www.niedermueller.law\/de\/notariat\/\" \/>\n<meta property=\"og:site_name\" content=\"Niederm\u00fcller Rechtsanw\u00e4lte\" \/>\n<meta property=\"article:modified_time\" content=\"2024-03-07T10:06:27+00:00\" \/>\n<meta name=\"twitter:card\" content=\"summary_large_image\" \/>\n<meta name=\"twitter:label1\" content=\"Gesch\u00e4tzte Lesezeit\" \/>\n\t<meta name=\"twitter:data1\" content=\"1\u00a0Minute\" \/>\n<script type=\"application\/ld+json\" class=\"yoast-schema-graph\">{\"@context\":\"https:\\\/\\\/schema.org\",\"@graph\":[{\"@type\":\"WebPage\",\"@id\":\"https:\\\/\\\/www.niedermueller.law\\\/de\\\/notariat\\\/\",\"url\":\"https:\\\/\\\/www.niedermueller.law\\\/de\\\/notariat\\\/\",\"name\":\"Notariat - Niederm\u00fcller Rechtsanw\u00e4lte\",\"isPartOf\":{\"@id\":\"https:\\\/\\\/www.niedermueller.law\\\/de\\\/#website\"},\"datePublished\":\"2024-03-06T11:15:46+00:00\",\"dateModified\":\"2024-03-07T10:06:27+00:00\",\"breadcrumb\":{\"@id\":\"https:\\\/\\\/www.niedermueller.law\\\/de\\\/notariat\\\/#breadcrumb\"},\"inLanguage\":\"de\",\"potentialAction\":[{\"@type\":\"ReadAction\",\"target\":[\"https:\\\/\\\/www.niedermueller.law\\\/de\\\/notariat\\\/\"]}]},{\"@type\":\"BreadcrumbList\",\"@id\":\"https:\\\/\\\/www.niedermueller.law\\\/de\\\/notariat\\\/#breadcrumb\",\"itemListElement\":[{\"@type\":\"ListItem\",\"position\":1,\"name\":\"Home page\",\"item\":\"https:\\\/\\\/www.niedermueller.law\\\/de\\\/\"},{\"@type\":\"ListItem\",\"position\":2,\"name\":\"Notariat\"}]},{\"@type\":\"WebSite\",\"@id\":\"https:\\\/\\\/www.niedermueller.law\\\/de\\\/#website\",\"url\":\"https:\\\/\\\/www.niedermueller.law\\\/de\\\/\",\"name\":\"Niederm\u00fcller Rechtsanw\u00e4lte\",\"description\":\"\",\"publisher\":{\"@id\":\"https:\\\/\\\/www.niedermueller.law\\\/de\\\/#organization\"},\"potentialAction\":[{\"@type\":\"SearchAction\",\"target\":{\"@type\":\"EntryPoint\",\"urlTemplate\":\"https:\\\/\\\/www.niedermueller.law\\\/de\\\/?s={search_term_string}\"},\"query-input\":{\"@type\":\"PropertyValueSpecification\",\"valueRequired\":true,\"valueName\":\"search_term_string\"}}],\"inLanguage\":\"de\"},{\"@type\":\"Organization\",\"@id\":\"https:\\\/\\\/www.niedermueller.law\\\/de\\\/#organization\",\"name\":\"Niederm\u00fcller Attorneys at Law\",\"url\":\"https:\\\/\\\/www.niedermueller.law\\\/de\\\/\",\"logo\":{\"@type\":\"ImageObject\",\"inLanguage\":\"de\",\"@id\":\"https:\\\/\\\/www.niedermueller.law\\\/de\\\/#\\\/schema\\\/logo\\\/image\\\/\",\"url\":\"https:\\\/\\\/i0.wp.com\\\/www.niedermueller.law\\\/wp-content\\\/uploads\\\/2024\\\/03\\\/NIE_notariat_pos.png?fit=1350%2C272&ssl=1\",\"contentUrl\":\"https:\\\/\\\/i0.wp.com\\\/www.niedermueller.law\\\/wp-content\\\/uploads\\\/2024\\\/03\\\/NIE_notariat_pos.png?fit=1350%2C272&ssl=1\",\"width\":1350,\"height\":272,\"caption\":\"Niederm\u00fcller Attorneys at Law\"},\"image\":{\"@id\":\"https:\\\/\\\/www.niedermueller.law\\\/de\\\/#\\\/schema\\\/logo\\\/image\\\/\"}}]}<\/script>\n<!-- \/ Yoast SEO plugin. -->","yoast_head_json":{"title":"Notariat - Niederm\u00fcller Rechtsanw\u00e4lte","robots":{"index":"index","follow":"follow","max-snippet":"max-snippet:-1","max-image-preview":"max-image-preview:large","max-video-preview":"max-video-preview:-1"},"canonical":"https:\/\/www.niedermueller.law\/de\/notariat\/","og_locale":"de_DE","og_type":"article","og_title":"Notariat - Niederm\u00fcller Rechtsanw\u00e4lte","og_description":"\u00d6FFENTLICHE URKUNDEN | In allen F\u00e4llen, in denen das Gesetz f\u00fcr Rechtsgesch\u00e4fte und Rechtsbeziehungen die Form einer \u00f6ffentlichen Urkunde vorschreibt, beraten wir Sie und erstellen und beglaubigen die erforderliche \u00f6ffentliche Urkunde. Die \u00f6ffentliche Urkunde kann sowohl liechtensteinischem Recht als auch ausl\u00e4ndischem Recht unterstellt werden. Auch kann die \u00f6ffentliche Urkunde nicht nur in deutscher, sondern auch [&hellip;]","og_url":"https:\/\/www.niedermueller.law\/de\/notariat\/","og_site_name":"Niederm\u00fcller Rechtsanw\u00e4lte","article_modified_time":"2024-03-07T10:06:27+00:00","twitter_card":"summary_large_image","twitter_misc":{"Gesch\u00e4tzte Lesezeit":"1\u00a0Minute"},"schema":{"@context":"https:\/\/schema.org","@graph":[{"@type":"WebPage","@id":"https:\/\/www.niedermueller.law\/de\/notariat\/","url":"https:\/\/www.niedermueller.law\/de\/notariat\/","name":"Notariat - Niederm\u00fcller Rechtsanw\u00e4lte","isPartOf":{"@id":"https:\/\/www.niedermueller.law\/de\/#website"},"datePublished":"2024-03-06T11:15:46+00:00","dateModified":"2024-03-07T10:06:27+00:00","breadcrumb":{"@id":"https:\/\/www.niedermueller.law\/de\/notariat\/#breadcrumb"},"inLanguage":"de","potentialAction":[{"@type":"ReadAction","target":["https:\/\/www.niedermueller.law\/de\/notariat\/"]}]},{"@type":"BreadcrumbList","@id":"https:\/\/www.niedermueller.law\/de\/notariat\/#breadcrumb","itemListElement":[{"@type":"ListItem","position":1,"name":"Home page","item":"https:\/\/www.niedermueller.law\/de\/"},{"@type":"ListItem","position":2,"name":"Notariat"}]},{"@type":"WebSite","@id":"https:\/\/www.niedermueller.law\/de\/#website","url":"https:\/\/www.niedermueller.law\/de\/","name":"Niederm\u00fcller Rechtsanw\u00e4lte","description":"","publisher":{"@id":"https:\/\/www.niedermueller.law\/de\/#organization"},"potentialAction":[{"@type":"SearchAction","target":{"@type":"EntryPoint","urlTemplate":"https:\/\/www.niedermueller.law\/de\/?s={search_term_string}"},"query-input":{"@type":"PropertyValueSpecification","valueRequired":true,"valueName":"search_term_string"}}],"inLanguage":"de"},{"@type":"Organization","@id":"https:\/\/www.niedermueller.law\/de\/#organization","name":"Niederm\u00fcller Attorneys at Law","url":"https:\/\/www.niedermueller.law\/de\/","logo":{"@type":"ImageObject","inLanguage":"de","@id":"https:\/\/www.niedermueller.law\/de\/#\/schema\/logo\/image\/","url":"https:\/\/i0.wp.com\/www.niedermueller.law\/wp-content\/uploads\/2024\/03\/NIE_notariat_pos.png?fit=1350%2C272&ssl=1","contentUrl":"https:\/\/i0.wp.com\/www.niedermueller.law\/wp-content\/uploads\/2024\/03\/NIE_notariat_pos.png?fit=1350%2C272&ssl=1","width":1350,"height":272,"caption":"Niederm\u00fcller Attorneys at Law"},"image":{"@id":"https:\/\/www.niedermueller.law\/de\/#\/schema\/logo\/image\/"}}]}},"_links":{"self":[{"href":"https:\/\/www.niedermueller.law\/de\/wp-json\/wp\/v2\/pages\/840","targetHints":{"allow":["GET"]}}],"collection":[{"href":"https:\/\/www.niedermueller.law\/de\/wp-json\/wp\/v2\/pages"}],"about":[{"href":"https:\/\/www.niedermueller.law\/de\/wp-json\/wp\/v2\/types\/page"}],"author":[{"embeddable":true,"href":"https:\/\/www.niedermueller.law\/de\/wp-json\/wp\/v2\/users\/1"}],"replies":[{"embeddable":true,"href":"https:\/\/www.niedermueller.law\/de\/wp-json\/wp\/v2\/comments?post=840"}],"version-history":[{"count":0,"href":"https:\/\/www.niedermueller.law\/de\/wp-json\/wp\/v2\/pages\/840\/revisions"}],"wp:attachment":[{"href":"https:\/\/www.niedermueller.law\/de\/wp-json\/wp\/v2\/media?parent=840"}],"curies":[{"name":"wp","href":"https:\/\/api.w.org\/{rel}","templated":true}]}}